{"id":865,"date":"2024-12-14T04:25:06","date_gmt":"2024-12-14T04:25:06","guid":{"rendered":"https:\/\/dermatodz.com\/?page_id=865"},"modified":"2024-12-23T15:57:41","modified_gmt":"2024-12-23T15:57:41","slug":"adherents","status":"publish","type":"page","link":"https:\/\/dermatodz.com\/?page_id=865","title":{"rendered":"Adh\u00e9rents"},"content":{"rendered":"<p><div class=\"fusion-fullwidth fullwidth-box fusion-builder-row-1 fusion-flex-container has-pattern-background has-mask-background nonhundred-percent-fullwidth non-hundred-percent-height-scrolling\" style=\"--awb-border-radius-top-left:0px;--awb-border-radius-top-right:0px;--awb-border-radius-bottom-right:0px;--awb-border-radius-bottom-left:0px;\" ><div class=\"fusion-builder-row fusion-row fusion-flex-align-items-flex-start\" style=\"max-width:83.2%;margin-left: calc(-4% \/ 2 );margin-right: calc(-4% \/ 2 );\"><div class=\"fusion-layout-column fusion_builder_column fusion-builder-column-0 fusion_builder_column_1_1 1_1 fusion-flex-column\" style=\"--awb-bg-size:cover;--awb-width-large:100%;--awb-margin-top-large:0px;--awb-spacing-right-large:0%;--awb-margin-bottom-large:0px;--awb-spacing-left-large:0%;--awb-width-medium:100%;--awb-order-medium:0;--awb-spacing-right-medium:0%;--awb-spacing-left-medium:0%;--awb-width-small:100%;--awb-order-small:0;--awb-spacing-right-small:1.92%;--awb-spacing-left-small:1.92%;\"><div class=\"fusion-column-wrapper fusion-column-has-shadow fusion-flex-justify-content-flex-start fusion-content-layout-column\"><div class=\"fusion-title title fusion-title-1 fusion-title-text fusion-title-size-three\" style=\"--awb-text-color:var(--awb-color4);--awb-sep-color:var(--awb-color4);\"><div class=\"title-sep-container title-sep-container-left fusion-no-large-visibility fusion-no-medium-visibility fusion-no-small-visibility\"><div class=\"title-sep sep-double sep-dotted\" style=\"border-color:var(--awb-color4);\"><\/div><\/div><span class=\"awb-title-spacer fusion-no-large-visibility fusion-no-medium-visibility fusion-no-small-visibility\"><\/span><h3 class=\"title-heading-left\" style=\"margin:0;\">Adh\u00e9rez \u00e0 la Soci\u00e9t\u00e9 Alg\u00e9rienne de Dermatologie<\/h3><span class=\"awb-title-spacer\"><\/span><div class=\"title-sep-container title-sep-container-right\"><div class=\"title-sep sep-double sep-dotted\" style=\"border-color:var(--awb-color4);\"><\/div><\/div><\/div><\/div><\/div><\/div><\/div><div class=\"fusion-fullwidth fullwidth-box fusion-builder-row-2 fusion-flex-container has-pattern-background has-mask-background nonhundred-percent-fullwidth non-hundred-percent-height-scrolling\" style=\"--awb-border-radius-top-left:0px;--awb-border-radius-top-right:0px;--awb-border-radius-bottom-right:0px;--awb-border-radius-bottom-left:0px;--awb-padding-left:0px;\" ><div class=\"fusion-builder-row fusion-row fusion-flex-align-items-flex-start\" style=\"max-width:83.2%;margin-left: calc(-4% \/ 2 );margin-right: calc(-4% \/ 2 );\"><div class=\"fusion-layout-column fusion_builder_column fusion-builder-column-1 fusion_builder_column_1_1 1_1 fusion-flex-column\" style=\"--awb-bg-size:cover;--awb-width-large:100%;--awb-margin-top-large:0px;--awb-spacing-right-large:0%;--awb-margin-bottom-large:0px;--awb-spacing-left-large:0%;--awb-width-medium:100%;--awb-order-medium:0;--awb-spacing-right-medium:0%;--awb-spacing-left-medium:0%;--awb-width-small:100%;--awb-order-small:0;--awb-spacing-right-small:1.92%;--awb-spacing-left-small:1.92%;\"><div class=\"fusion-column-wrapper fusion-column-has-shadow fusion-flex-justify-content-flex-start fusion-content-layout-column\"><div class=\"fusion-text fusion-text-1\"><div dir=\"ltr\"><span style=\"font-family: Merriweather; font-weight: bold;\" data-fusion-font=\"true\" data-fusion-google-font=\"Merriweather\" data-fusion-google-variant=\"700\">Il est possible d&rsquo;adh\u00e9rer \u00e0 la soci\u00e9t\u00e9 alg\u00e9rienne de dermatologie sur notre site web en remplissant le formulaire ci-dessous et en y joignant une copie du dipl\u00f4me de dermatologue <\/span><\/div>\n<div dir=\"ltr\"><span style=\"font-family: Merriweather; font-weight: bold;\" data-fusion-font=\"true\" data-fusion-google-font=\"Merriweather\" data-fusion-google-variant=\"700\">Les frais d&rsquo;adh\u00e9sion sont fix\u00e9es \u00e0 <span style=\"color: rgb(20, 22, 23);\">2000 <\/span>DA par an<\/span><\/div>\n<div dir=\"ltr\"><span style=\"font-family: Merriweather; font-weight: bold;\" data-fusion-font=\"true\" data-fusion-google-font=\"Merriweather\" data-fusion-google-variant=\"700\">Vous pouvez payer par virement bancaire et joindre votre justificatif de paiement une fois votre adh\u00e9sion  accept\u00e9e <\/span><\/div>\n<div dir=\"ltr\"><\/div>\n<div dir=\"ltr\"><span style=\"font-family: Merriweather; font-weight: bold;\" data-fusion-font=\"true\" data-fusion-google-font=\"Merriweather\" data-fusion-google-variant=\"700\">Les avantages d&rsquo;adh\u00e9rer \u00e0 la SAD :<\/span><\/div>\n<div dir=\"ltr\">\n<ul>\n<li><span style=\"font-family: Merriweather; font-weight: bold;\" data-fusion-font=\"true\" data-fusion-google-font=\"Merriweather\" data-fusion-google-variant=\"700\">L&rsquo;inscription \u00e0 un tarif pr\u00e9f\u00e9rentiel pour les \u00e9v\u00e8nements de la SAD<\/span><\/li>\n<li><span style=\"font-family: Merriweather; font-weight: bold;\" data-fusion-font=\"true\" data-fusion-google-font=\"Merriweather\" data-fusion-google-variant=\"700\">L&rsquo;inscription \u00e0 un tarif pr\u00e9f\u00e9rentiel \u00e0 des congr\u00e8s internationaux des soci\u00e9t\u00e9s savantes avec lesquelles la SAD a un partenariat <\/span><\/li>\n<li><span style=\"font-family: Merriweather; font-weight: bold;\" data-fusion-font=\"true\" data-fusion-google-font=\"Merriweather\" data-fusion-google-variant=\"700\">La possibilit\u00e9 d&rsquo;adh\u00e9rer aux groupes th\u00e9matiques <\/span><\/li>\n<li><span style=\"font-family: Merriweather; font-weight: bold;\" data-fusion-font=\"true\" data-fusion-google-font=\"Merriweather\" data-fusion-google-variant=\"700\">Le droit d&rsquo;assister aux assembl\u00e9es g\u00e9n\u00e9rales<\/span><\/li>\n<\/ul>\n<\/div>\n<\/div><\/div><\/div><\/div><\/div><div class=\"fusion-fullwidth fullwidth-box fusion-builder-row-3 fusion-flex-container has-pattern-background has-mask-background nonhundred-percent-fullwidth non-hundred-percent-height-scrolling\" style=\"--awb-border-radius-top-left:0px;--awb-border-radius-top-right:0px;--awb-border-radius-bottom-right:0px;--awb-border-radius-bottom-left:0px;\" ><div class=\"fusion-builder-row fusion-row fusion-flex-align-items-flex-start\" style=\"max-width:83.2%;margin-left: calc(-4% \/ 2 );margin-right: calc(-4% \/ 2 );\"><div class=\"fusion-layout-column fusion_builder_column fusion-builder-column-2 fusion_builder_column_1_1 1_1 fusion-flex-column\" style=\"--awb-bg-size:cover;--awb-width-large:100%;--awb-margin-top-large:0px;--awb-spacing-right-large:0%;--awb-margin-bottom-large:20px;--awb-spacing-left-large:0%;--awb-width-medium:100%;--awb-order-medium:0;--awb-spacing-right-medium:0%;--awb-spacing-left-medium:0%;--awb-width-small:100%;--awb-order-small:0;--awb-spacing-right-small:1.92%;--awb-spacing-left-small:1.92%;\"><div class=\"fusion-column-wrapper fusion-column-has-shadow fusion-flex-justify-content-flex-start fusion-content-layout-column\"><div class=\"forminator-ui forminator-custom-form forminator-custom-form-873 forminator-design--material  forminator_ajax\" data-forminator-render=\"0\" data-form=\"forminator-module-873\" data-uid=\"69d4ed52c7a1b\"><br\/><\/div><form\n\t\t\t\tid=\"forminator-module-873\"\n\t\t\t\tclass=\"forminator-ui forminator-custom-form forminator-custom-form-873 forminator-design--material  forminator_ajax\"\n\t\t\t\tmethod=\"post\"\n\t\t\t\tdata-forminator-render=\"0\"\n\t\t\t\tdata-form-id=\"873\"\n\t\t\t\t\n\t\t\t\tdata-design=\"material\"\n\t\t\t\tdata-color-option=\"default\"\n\t\t\t\t\n\t\t\t\t\n\t\t\t\t\n\t\t\t\tdata-grid=\"open\"\n\t\t\t\tenctype=\"multipart\/form-data\"\n\t\t\t\t\n\t\t\t\tstyle=\"display: none;\"\n\t\t\t\t\n\t\t\t\tdata-uid=\"69d4ed52c7a1b\"\n\t\t\t><div role=\"alert\" aria-live=\"polite\" class=\"forminator-response-message forminator-error\" aria-hidden=\"true\"><\/div><div class=\"forminator-row\"><div id=\"name-1\" class=\"forminator-field-name forminator-col forminator-col-6 \"><div class=\"forminator-field\"><label for=\"forminator-field-name-1_69d4ed52c7a1b\" id=\"forminator-field-name-1_69d4ed52c7a1b-label\" class=\"forminator-label\">Nom <span class=\"forminator-required\">*<\/span><\/label><input type=\"text\" name=\"name-1\" value=\"\" placeholder=\"\" id=\"forminator-field-name-1_69d4ed52c7a1b\" class=\"forminator-input forminator-name--field\" aria-required=\"true\" \/><\/div><\/div><div id=\"text-1\" class=\"forminator-field-text forminator-col forminator-col-6 \"><div class=\"forminator-field\"><label for=\"forminator-field-text-1_69d4ed52c7a1b\" id=\"forminator-field-text-1_69d4ed52c7a1b-label\" class=\"forminator-label\">Pr\u00e9nom <span class=\"forminator-required\">*<\/span><\/label><input type=\"text\" name=\"text-1\" value=\"\" placeholder=\"\" id=\"forminator-field-text-1_69d4ed52c7a1b\" class=\"forminator-input forminator-name--field\" data-required=\"1\" \/><\/div><\/div><\/div><div class=\"forminator-row\"><div id=\"email-1\" class=\"forminator-field-email forminator-col forminator-col-12 \"><div class=\"forminator-field\"><label for=\"forminator-field-email-1_69d4ed52c7a1b\" id=\"forminator-field-email-1_69d4ed52c7a1b-label\" class=\"forminator-label\">Email <span class=\"forminator-required\">*<\/span><\/label><input type=\"email\" name=\"email-1\" value=\"\" placeholder=\"\" id=\"forminator-field-email-1_69d4ed52c7a1b\" class=\"forminator-input forminator-email--field\" data-required=\"1\" aria-required=\"true\" \/><\/div><\/div><\/div><div class=\"forminator-row\"><div id=\"phone-1\" class=\"forminator-field-phone forminator-col forminator-col-12 \"><div class=\"forminator-field\"><label for=\"forminator-field-phone-1_69d4ed52c7a1b\" id=\"forminator-field-phone-1_69d4ed52c7a1b-label\" class=\"forminator-label\">T\u00e9l\u00e9phone <span class=\"forminator-required\">*<\/span><\/label><input type=\"text\" name=\"phone-1\" value=\"\" placeholder=\"\" id=\"forminator-field-phone-1_69d4ed52c7a1b\" class=\"forminator-input forminator-field--phone\" data-required=\"1\" aria-required=\"true\" autocomplete=\"off\" \/><\/div><\/div><\/div><div class=\"forminator-row\"><div id=\"address-1\" class=\"forminator-field-address forminator-col forminator-col-12 \"><div class=\"forminator-row\"><div id=\"address-1-street_address\" class=\"forminator-col\"><div class=\"forminator-field\"><label for=\"forminator-field-address-1-street_address_69d4ed52c7a1b\" id=\"forminator-field-address-1-street_address_69d4ed52c7a1b-label\" class=\"forminator-label\">Adresse professionnelle<\/label><input type=\"text\" name=\"address-1-street_address\" placeholder=\"\" id=\"forminator-field-address-1-street_address_69d4ed52c7a1b\" class=\"forminator-input\" data-required=\"\" aria-required=\"false\" value=\"\" \/><\/div><\/div><\/div><div class=\"forminator-row\" data-multiple=\"false\"><div id=\"address-1-city\" class=\"forminator-col forminator-col-12\"><div class=\"forminator-field\"><label for=\"forminator-field-address-1-city_69d4ed52c7a1b\" id=\"forminator-field-address-1-city_69d4ed52c7a1b-label\" class=\"forminator-label\">Wilaya<\/label><input type=\"text\" name=\"address-1-city\" placeholder=\"\" id=\"forminator-field-address-1-city_69d4ed52c7a1b\" class=\"forminator-input\" data-required=\"\" aria-required=\"false\" value=\"\" \/><\/div><\/div><\/div><\/div><\/div><div class=\"forminator-row\"><div id=\"select-1\" class=\"forminator-field-select forminator-col forminator-col-12 \"><div class=\"forminator-field\"><select  id=\"forminator-form-873__field--select-1_69d4ed52c7a1b\" class=\"forminator-select--field forminator-select2 forminator-select2-multiple\" data-required=\"\" name=\"select-1\" data-default-value=\"\" data-hidden-behavior=\"zero\" data-placeholder=\"Grade\" data-search=\"false\" data-search-placeholder=\"Grade\" data-checkbox=\"false\" data-allow-clear=\"false\" aria-labelledby=\"forminator-form-873__field--select-1_69d4ed52c7a1b-label\"><option value=\"\"  >Grade<\/option><option value=\"one\"  data-calculation=\"0\">Assistant<\/option><option value=\"two\"  data-calculation=\"0\">Maitre assistant<\/option><option value=\"Maitre-de-conf\u00e9rence\"  data-calculation=\"0\">Maitre de conf\u00e9rence<\/option><option value=\"Professeur\"  data-calculation=\"0\">Professeur<\/option><\/select><\/div><\/div><\/div><div class=\"forminator-row\"><div id=\"upload-1\" class=\"forminator-field-upload forminator-col forminator-col-12 \"><div class=\"forminator-field\"><label for=\"forminator-field-upload-1_69d4ed52c7a1b\" id=\"forminator-field-upload-1_69d4ed52c7a1b-label\" class=\"forminator-label\">Justificatif <span class=\"forminator-required\">*<\/span><\/label><div class=\"forminator-file-upload \" data-element=\"upload-1_69d4ed52c7a1b\" aria-describedby=\"forminator-field-upload-1_69d4ed52c7a1b-description\"><input type=\"file\" name=\"upload-1\" id=\"forminator-field-upload-1_69d4ed52c7a1b\" class=\"forminator-input-file-required do-validate\" accept=\".jpg,.jpeg,.jpe,.gif,.png,.bmp,.tiff,.tif,.webp,.avif,.ico,.heic,.heif,.heics,.heifs,.asf,.asx,.wmv,.wmx,.wm,.avi,.divx,.flv,.mov,.qt,.mpeg,.mpg,.mpe,.mp4,.m4v,.ogv,.webm,.mkv,.3gp,.3gpp,.3g2,.3gp2,.txt,.asc,.c,.cc,.h,.srt,.csv,.tsv,.ics,.rtx,.vtt,.mp3,.m4a,.m4b,.aac,.ra,.ram,.wav,.ogg,.oga,.flac,.mid,.midi,.wma,.wax,.mka,.rtf,.pdf,.class,.tar,.zip,.gz,.gzip,.7z,.psd,.xcf,.doc,.pot,.pps,.ppt,.wri,.xla,.xls,.xlt,.xlw,.mdb,.mpp,.docx,.docm,.dotx,.dotm,.xlsx,.xlsm,.xlsb,.xltx,.xltm,.xlam,.pptx,.pptm,.ppsx,.ppsm,.potx,.potm,.ppam,.sldx,.sldm,.onetoc,.onetoc2,.onetmp,.onepkg,.oxps,.xps,.odt,.odp,.ods,.odg,.odc,.odb,.odf,.wp,.wpd,.key,.numbers,.pages,.woff2,.woff,.ttf,.eot,.json\" tabindex=\"-1\"><button id=\"forminator-field-upload-1_69d4ed52c7a1b_button\" class=\"forminator-button forminator-button-upload\" data-id=\"forminator-field-upload-1_69d4ed52c7a1b\">Choisissez un fichier<\/button><span data-empty-text=\"Aucun fichier s\u00e9lectionn\u00e9\">Aucun fichier s\u00e9lectionn\u00e9<\/span><button class=\"forminator-button-delete\" style=\"display: none;\"><i class=\"forminator-icon-close\" aria-hidden=\"true\"><\/i><span class=\"forminator-screen-reader-only\">Supprimer le fichier t\u00e9l\u00e9vers\u00e9<\/span><\/button><\/div><span id=\"forminator-field-upload-1_69d4ed52c7a1b-description\" class=\"forminator-description\">Carte professionnelle<\/span><\/div><\/div><\/div><input type=\"hidden\" name=\"referer_url\" value=\"\" \/><div class=\"forminator-row forminator-row-last\"><div class=\"forminator-col\"><div class=\"forminator-field\"><button class=\"forminator-button forminator-button-submit\"><span>Envoyer le message<\/span><span aria-hidden=\"true\"><\/span><\/button><\/div><\/div><\/div><input type=\"hidden\" id=\"forminator_nonce\" name=\"forminator_nonce\" value=\"98d10a6266\" \/><input type=\"hidden\" name=\"_wp_http_referer\" value=\"\/index.php?rest_route=%2Fwp%2Fv2%2Fpages%2F865\" \/><input type=\"hidden\" name=\"form_id\" value=\"873\"><input type=\"hidden\" name=\"page_id\" value=\"865\"><input type=\"hidden\" name=\"form_type\" value=\"default\"><input type=\"hidden\" name=\"current_url\" value=\"https:\/\/dermatodz.com\/?page_id=865\"><input type=\"hidden\" name=\"render_id\" value=\"0\"><input type=\"hidden\" name=\"action\" value=\"forminator_submit_form_custom-forms\"><\/form><\/div><\/div><\/div><\/div><\/p>\n","protected":false},"excerpt":{"rendered":"","protected":false},"author":1,"featured_media":0,"parent":0,"menu_order":0,"comment_status":"closed","ping_status":"closed","template":"","meta":{"_acf_changed":false,"_EventAllDay":false,"_EventTimezone":"","_EventStartDate":"","_EventEndDate":"","_EventStartDateUTC":"","_EventEndDateUTC":"","_EventShowMap":false,"_EventShowMapLink":false,"_EventURL":"","_EventCost":"","_EventCostDescription":"","_EventCurrencySymbol":"","_EventCurrencyCode":"","_EventCurrencyPosition":"","_EventDateTimeSeparator":"","_EventTimeRangeSeparator":"","_EventOrganizerID":[],"_EventVenueID":[],"_OrganizerEmail":"","_OrganizerPhone":"","_OrganizerWebsite":"","_VenueAddress":"","_VenueCity":"","_VenueCountry":"","_VenueProvince":"","_VenueState":"","_VenueZip":"","_VenuePhone":"","_VenueURL":"","_VenueStateProvince":"","_VenueLat":"","_VenueLng":"","_VenueShowMap":false,"_VenueShowMapLink":false,"footnotes":""},"class_list":["post-865","page","type-page","status-publish","hentry"],"acf":[],"_links":{"self":[{"href":"https:\/\/dermatodz.com\/index.php?rest_route=\/wp\/v2\/pages\/865","targetHints":{"allow":["GET"]}}],"collection":[{"href":"https:\/\/dermatodz.com\/index.php?rest_route=\/wp\/v2\/pages"}],"about":[{"href":"https:\/\/dermatodz.com\/index.php?rest_route=\/wp\/v2\/types\/page"}],"author":[{"embeddable":true,"href":"https:\/\/dermatodz.com\/index.php?rest_route=\/wp\/v2\/users\/1"}],"replies":[{"embeddable":true,"href":"https:\/\/dermatodz.com\/index.php?rest_route=%2Fwp%2Fv2%2Fcomments&post=865"}],"version-history":[{"count":13,"href":"https:\/\/dermatodz.com\/index.php?rest_route=\/wp\/v2\/pages\/865\/revisions"}],"predecessor-version":[{"id":898,"href":"https:\/\/dermatodz.com\/index.php?rest_route=\/wp\/v2\/pages\/865\/revisions\/898"}],"wp:attachment":[{"href":"https:\/\/dermatodz.com\/index.php?rest_route=%2Fwp%2Fv2%2Fmedia&parent=865"}],"curies":[{"name":"wp","href":"https:\/\/api.w.org\/{rel}","templated":true}]}}